{"id":183,"date":"2021-10-31T04:05:53","date_gmt":"2021-10-31T04:05:53","guid":{"rendered":"http:\/\/greatlifeweb.com\/?post_type=product&#038;p=183"},"modified":"2021-12-30T04:33:01","modified_gmt":"2021-12-30T04:33:01","slug":"qbliss-360-muestra-gratis","status":"publish","type":"product","link":"https:\/\/greatlifeweb.com\/?product=qbliss-360-muestra-gratis","title":{"rendered":"Qbliss 360 Muestra gratis"},"content":{"rendered":"<p>Descarga tu muestra gratis, es nuestra manera de agradecerte por el inter\u00e9s, pru\u00e9balo sabemos que ser\u00e1 de gran ayuda.<\/p>\n","protected":false},"excerpt":{"rendered":"<p>Great Life presenta\u00a0Qbliss 360. Una nueva forma de descubrir tus capacidades y tu autosuficiencia. Con Qbliss, da paso a infinitas posibilidades, mejores decisiones y est\u00e1ndares de objetivos m\u00e1s grandes. Vas a obtener claridad, certeza y coraje para tomar decisiones que mejoren muchos aspectos de tu vida.<\/p>\n","protected":false},"featured_media":185,"template":"","meta":[],"product_cat":[15],"product_tag":[],"class_list":{"0":"post-183","1":"product","2":"type-product","3":"status-publish","4":"has-post-thumbnail","6":"product_cat-uncategorized","8":"first","9":"instock","10":"taxable","11":"shipping-taxable","12":"product-type-external"},"_links":{"self":[{"href":"https:\/\/greatlifeweb.com\/index.php?rest_route=\/wp\/v2\/product\/183","targetHints":{"allow":["GET"]}}],"collection":[{"href":"https:\/\/greatlifeweb.com\/index.php?rest_route=\/wp\/v2\/product"}],"about":[{"href":"https:\/\/greatlifeweb.com\/index.php?rest_route=\/wp\/v2\/types\/product"}],"wp:featuredmedia":[{"embeddable":true,"href":"https:\/\/greatlifeweb.com\/index.php?rest_route=\/wp\/v2\/media\/185"}],"wp:attachment":[{"href":"https:\/\/greatlifeweb.com\/index.php?rest_route=%2Fwp%2Fv2%2Fmedia&parent=183"}],"wp:term":[{"taxonomy":"product_cat","embeddable":true,"href":"https:\/\/greatlifeweb.com\/index.php?rest_route=%2Fwp%2Fv2%2Fproduct_cat&post=183"},{"taxonomy":"product_tag","embeddable":true,"href":"https:\/\/greatlifeweb.com\/index.php?rest_route=%2Fwp%2Fv2%2Fproduct_tag&post=183"}],"curies":[{"name":"wp","href":"https:\/\/api.w.org\/{rel}","templated":true}]}}